{"id":6,"date":"2016-11-09T10:15:11","date_gmt":"2016-11-09T10:15:11","guid":{"rendered":"https:\/\/mandala.themerex.net\/?page_id=6"},"modified":"2022-12-29T06:52:25","modified_gmt":"2022-12-29T06:52:25","slug":"home","status":"publish","type":"page","link":"https:\/\/derceplas.com.tr\/","title":{"rendered":"Home"},"content":{"rendered":"<p>[vc_row][vc_column][rev_slider_vc alias=&#8221;slider1&#8243;][\/vc_column][\/vc_row][vc_row][vc_column][vc_empty_space height=&#8221;&#8221; alter_height=&#8221;large&#8221; hide_on_mobile=&#8221;&#8221;]<div id=\"sc_title_625437342\"\n\t\tclass=\"sc_title sc_title_default  vc_custom_1670508220534\"><h3 class=\"sc_item_title sc_title_title sc_align_center sc_item_title_style_default\">\u00dcST\u00dcN KAL\u0130TE M\u00dcKEMMEL PERFORMANS<\/h3><div class=\"sc_item_descr sc_title_descr sc_align_center\">Toplam Kalite Y\u00f6netimi felsefesi ile kuruldu\u011fu g\u00fcnden bug\u00fcne s\u00fcrekli b\u00fcy\u00fcyen, sekt\u00f6r\u00fcn ihtiya\u00e7 ve beklentilerini en iyi \u015fekilde analiz ederek m\u00fc\u015fteri beklentilerini en \u00fcst d\u00fczeyde kar\u015f\u0131lamaktad\u0131r .<\/div><\/div><!-- \/.sc_title -->[vc_empty_space height=&#8221;&#8221; alter_height=&#8221;large&#8221; hide_on_mobile=&#8221;&#8221;][\/vc_column][\/vc_row][vc_row full_width=&#8221;stretch_row_content_no_spaces&#8221; equal_height=&#8221;yes&#8221; content_placement=&#8221;middle&#8221; scheme=&#8221;dark&#8221; el_class=&#8221;responsive_2&#8243;][vc_column width=&#8221;1\/2&#8243; css=&#8221;.vc_custom_1669986883392{padding-right: 11% !important;padding-left: 11% !important;background-image: url(https:\/\/derceplas.com.tr\/wp-content\/uploads\/2022\/12\/Still1112_00007-1.jpg?id=1750) !important;background-position: center !important;background-repeat: no-repeat !important;background-size: cover !important;}&#8221; offset=&#8221;vc_col-lg-6 vc_col-md-6&#8243;][vc_empty_space height=&#8221;50px&#8221; hide_on_mobile=&#8221;&#8221;]<div id=\"sc_title_1225549668\"\n\t\tclass=\"sc_title sc_title_default\"><h3 class=\"sc_item_title sc_title_title sc_align_default sc_item_title_style_default\">Derce <b>PLastik<\/b><\/h3><div class=\"sc_item_descr sc_title_descr sc_align_default\">TSE ve ISO 9001:2000<br \/>\nStandartlar\u0131na uygun \u00fcretim yapmay\u0131 hedefleyen Derce Poli\u00fcretan, yapt\u0131\u011f\u0131 ARGE \u00e7al\u0131\u015fmalar\u0131yla beklentileri en \u00fcst d\u00fczeyde kar\u015f\u0131lamaktad\u0131r.<\/div><\/div><!-- \/.sc_title -->[vc_empty_space height=&#8221;50px&#8221; hide_on_mobile=&#8221;&#8221;][\/vc_column][vc_column width=&#8221;1\/2&#8243; css=&#8221;.vc_custom_1669988515924{padding-right: 6% !important;padding-left: 11.5% !important;background-image: url(https:\/\/derceplas.com.tr\/wp-content\/uploads\/2022\/12\/22222-1.jpg?id=1754) !important;background-position: center !important;background-repeat: no-repeat !important;background-size: cover !important;}&#8221; offset=&#8221;vc_col-lg-6 vc_col-md-6&#8243;][vc_empty_space height=&#8221;0.5rem&#8221; alter_height=&#8221;none&#8221; hide_on_mobile=&#8221;&#8221;][vc_empty_space height=&#8221;&#8221; alter_height=&#8221;large&#8221; hide_on_mobile=&#8221;&#8221;]<div id=\"sc_skills_811280512\"\n\t\tclass=\"sc_skills sc_skills_counter\"\n\t\t\t\tdata-type=\"counter\"\n\t\t><div class=\"sc_skills_column trx_addons_column-1_1\"><div class=\"sc_skills_item_wrap\"><div class=\"sc_skills_item\"><div class=\"sc_skills_total\" data-start=\"0\" data-stop=\"120000\" data-step=\"1\" data-max=\"100\" data-speed=\"19\" data-duration=\"2280000\" data-ed=\"\">0<\/div><\/div><\/div><\/div><\/div><div id=\"sc_title_150890199\"\n\t\tclass=\"sc_title sc_title_default\"><h3 class=\"sc_item_title sc_title_title sc_align_default sc_item_title_style_h4_thin\"><b>\u015euanda <\/b> \u00dcretti\u011fimiz Par\u00e7a Say\u0131s\u0131<\/h3><div class=\"sc_item_descr sc_title_descr sc_align_default\">4.000 m\u00b2 kapal\u0131 alan\u0131 ve  tam otomasyon sistem ile \u2018IBM\u2019 Enjeksiyon \u015ei\u015firme Makinas\u0131 ve 90-600 ton aral\u0131\u011f\u0131nda 14 plastik enjeksiyon makinalar\u0131 ile bir \u00e7ok m\u00fchendislik plastik par\u00e7a imalat\u0131n\u0131 yapmaktad\u0131r.<\/div><\/div><!-- \/.sc_title -->[vc_empty_space height=&#8221;2.4rem&#8221; alter_height=&#8221;none&#8221; hide_on_mobile=&#8221;&#8221;][\/vc_column][\/vc_row][vc_row][vc_column][vc_empty_space alter_height=&#8221;small&#8221; hide_on_mobile=&#8221;&#8221;][vc_empty_space alter_height=&#8221;large&#8221; hide_on_mobile=&#8221;&#8221;]<div id=\"sc_title_1791901880\"\n\t\tclass=\"sc_title sc_title_default  vc_custom_1670508236795\"><h3 class=\"sc_item_title sc_title_title sc_align_center sc_item_title_style_default\">Neler \u00dcretiyoruz<\/h3><div class=\"sc_item_descr sc_title_descr sc_align_center\">Ankara Sincan 1.Organize Sanayi B\u00f6lgesinde kurulan DERCE A.\u015e. , Maden sekt\u00f6r\u00fc ba\u015fta olmak \u00fczere, kozmetik, g\u0131da, orta gerilim elektrik trafo par\u00e7alar\u0131, elektro f\u00fczyon  HDPE ba\u011flant\u0131 par\u00e7alar\u0131 gibi bir \u00e7ok m\u00fchendislik par\u00e7alar\u0131n\u0131n tasar\u0131m\u0131n\u0131 ve  \u00fcretimini ger\u00e7ekle\u015ftirmektedir.<\/div><\/div><!-- \/.sc_title -->[vc_empty_space height=&#8221;&#8221; alter_height=&#8221;small&#8221; hide_on_mobile=&#8221;&#8221;][\/vc_column][\/vc_row][vc_row full_width=&#8221;stretch_row&#8221; scheme=&#8221;dark&#8221; css=&#8221;.vc_custom_1669988548900{background-image: url(https:\/\/derceplas.com.tr\/wp-content\/uploads\/2022\/12\/render-4-.fw_.png?id=1677) !important;background-position: center !important;background-repeat: no-repeat !important;background-size: cover !important;}&#8221;][vc_column][vc_row_inner][vc_column_inner width=&#8221;1\/4&#8243;][vc_empty_space height=&#8221;&#8221; alter_height=&#8221;small&#8221; hide_on_mobile=&#8221;&#8221;][vc_empty_space height=&#8221;&#8221; alter_height=&#8221;medium&#8221; hide_on_mobile=&#8221;&#8221;]<div id=\"sc_icons_84863058\" \n\tclass=\"sc_icons sc_icons_modern sc_icons_size_medium sc_align_center\"><div class=\"sc_icons_item sc_icons_item_linked\"><div class=\"sc_icons_image\"><img src=\"https:\/\/derceplas.com.tr\/wp-content\/uploads\/2022\/12\/hiper-elek-scaled.jpg\" alt=\"hiper-elek-scaled.jpg\" width=\"2560\" height=\"1920\"><\/div><h4 class=\"sc_icons_title\"><a href=\"#\" class=\"sc_icons_link\"><span>Fason \u00dcretim<\/span><\/a><\/h4><\/div><\/div><!-- \/.sc_icons -->[vc_empty_space height=&#8221;&#8221; hide_on_mobile=&#8221;&#8221;][\/vc_column_inner][vc_column_inner width=&#8221;1\/4&#8243;][vc_empty_space height=&#8221;&#8221; alter_height=&#8221;small&#8221; hide_on_mobile=&#8221;&#8221;][vc_empty_space height=&#8221;&#8221; alter_height=&#8221;medium&#8221; hide_on_mobile=&#8221;&#8221;]<div id=\"sc_icons_1062961583\" \n\tclass=\"sc_icons sc_icons_modern sc_icons_size_medium sc_align_center\"><div class=\"sc_icons_item sc_icons_item_linked\"><div class=\"sc_icons_image\"><img src=\"https:\/\/derceplas.com.tr\/wp-content\/uploads\/2022\/11\/karkureme.png\" alt=\"karkureme.png\" width=\"500\" height=\"500\"><\/div><h4 class=\"sc_icons_title\"><a href=\"#\" class=\"sc_icons_link\"><span>Kat\u0131 \u015eeker Kutular\u0131<\/span><\/a><\/h4><\/div><\/div><!-- \/.sc_icons -->[vc_empty_space height=&#8221;&#8221; hide_on_mobile=&#8221;&#8221;][\/vc_column_inner][vc_column_inner width=&#8221;1\/4&#8243;][vc_empty_space height=&#8221;&#8221; alter_height=&#8221;small&#8221; hide_on_mobile=&#8221;&#8221;][vc_empty_space height=&#8221;&#8221; alter_height=&#8221;medium&#8221; hide_on_mobile=&#8221;&#8221;]<div id=\"sc_icons_1270783280\" \n\tclass=\"sc_icons sc_icons_modern sc_icons_size_medium sc_align_center\"><div class=\"sc_icons_item sc_icons_item_linked\"><div class=\"sc_icons_image\"><img src=\"https:\/\/derceplas.com.tr\/wp-content\/uploads\/2022\/11\/siyirici.png\" alt=\"siyirici.png\" width=\"500\" height=\"500\"><\/div><h4 class=\"sc_icons_title\"><a href=\"#\" class=\"sc_icons_link\"><span>Roll-On Top<\/span><\/a><\/h4><\/div><\/div><!-- \/.sc_icons -->[vc_empty_space height=&#8221;&#8221; hide_on_mobile=&#8221;&#8221;][\/vc_column_inner][vc_column_inner width=&#8221;1\/4&#8243;][vc_empty_space height=&#8221;&#8221; alter_height=&#8221;small&#8221; hide_on_mobile=&#8221;&#8221;][vc_empty_space height=&#8221;&#8221; alter_height=&#8221;medium&#8221; hide_on_mobile=&#8221;&#8221;]<div id=\"sc_icons_945202934\" \n\tclass=\"sc_icons sc_icons_modern sc_icons_size_medium sc_align_center\"><div class=\"sc_icons_item sc_icons_item_linked\"><div class=\"sc_icons_image\"><img src=\"https:\/\/derceplas.com.tr\/wp-content\/uploads\/2022\/11\/helezon.png\" alt=\"helezon.png\" width=\"500\" height=\"500\"><\/div><h4 class=\"sc_icons_title\"><a href=\"#\" class=\"sc_icons_link\"><span>S\u0131v\u0131 \u015eeker Kutular\u0131<\/span><\/a><\/h4><\/div><\/div><!-- \/.sc_icons -->[vc_empty_space height=&#8221;&#8221; hide_on_mobile=&#8221;&#8221;][\/vc_column_inner][\/vc_row_inner][vc_empty_space height=&#8221;&#8221; hide_on_mobile=&#8221;&#8221;][vc_empty_space height=&#8221;&#8221; alter_height=&#8221;medium&#8221; hide_on_mobile=&#8221;&#8221;][vc_empty_space height=&#8221;&#8221; alter_height=&#8221;medium&#8221; hide_on_mobile=&#8221;&#8221;][\/vc_column][\/vc_row][vc_row el_class=&#8221;sc_form&#8221;][vc_column][vc_empty_space alter_height=&#8221;huge&#8221; hide_on_mobile=&#8221;&#8221;]<div id=\"sc_title_1933345474\"\n\t\tclass=\"sc_title sc_title_default\"><h3 class=\"sc_item_title sc_title_title sc_align_center sc_item_title_style_default\">Bize Ula\u015f\u0131n<\/h3><\/div><!-- \/.sc_title -->[\/vc_column][\/vc_row][vc_row el_class=&#8221;custom_icons&#8221; css=&#8221;.vc_custom_1608104674490{margin-top: 5em !important;}&#8221;][vc_column]<div id=\"sc_icons_25228712\" \n\tclass=\"sc_icons sc_icons_default sc_icons_size_small sc_align_center\"><div class=\"sc_icons_columns sc_item_columns trx_addons_columns_wrap columns_padding_bottom\"><div class=\"trx_addons_column-1_3\"><div class=\"sc_icons_item sc_icons_item_linked\"><div id=\"sc_icons_25228712_fas fa-mobile-alt\" class=\"sc_icons_icon sc_icon_type_fontawesome fas fa-mobile-alt\"\n\t\t\t\t\t\t style=\"color: #120656\"\t\t\t\t\t\t><span class=\"sc_icon_type_fontawesome fas fa-mobile-alt\" style=\"color: #120656\"><\/span><\/div><h4 class=\"sc_icons_title\"><a href=\"tel:90%20312%20267%2046%2066\" class=\"sc_icons_link\">\n\t\t\t\t\t\t\t\n\t\t\t\t\t\t\t<span>+90 312 267 46 66<\/span>\n\n\t\t\t\t\t\t\t<\/a><\/h4><\/div><\/div><div class=\"trx_addons_column-1_3\"><div class=\"sc_icons_item\"><div id=\"sc_icons_25228712_icon-location-light\" class=\"sc_icons_icon sc_icon_type_fontawesome icon-location-light\"\n\t\t\t\t\t\t style=\"color: #120656\"\t\t\t\t\t\t><span class=\"sc_icon_type_fontawesome icon-location-light\" style=\"color: #120656\"><\/span><\/div><h4 class=\"sc_icons_title\"><span>1. OSB Ayd\u0131no\u011fullar\u0131 Sokak No:10 06935 Sincan - ANKARA<\/span><\/h4><\/div><\/div><div class=\"trx_addons_column-1_3\"><div class=\"sc_icons_item sc_icons_item_linked\"><div id=\"sc_icons_25228712_icon-mail-light\" class=\"sc_icons_icon sc_icon_type_fontawesome icon-mail-light\"\n\t\t\t\t\t\t style=\"color: #120656\"\t\t\t\t\t\t><span class=\"sc_icon_type_fontawesome icon-mail-light\" style=\"color: #120656\"><\/span><\/div><h4 class=\"sc_icons_title\"><a href=\"mailto:info@derce.com.tr\" class=\"sc_icons_link\">\n\t\t\t\t\t\t\t\n\t\t\t\t\t\t\t<span>derce@derce.com.tr<\/span>\n\n\t\t\t\t\t\t\t<\/a><\/h4><\/div><\/div><\/div><\/div><!-- \/.sc_icons -->[\/vc_column][\/vc_row][vc_row][vc_column][vc_empty_space height=&#8221;&#8221; alter_height=&#8221;huge&#8221; hide_on_mobile=&#8221;&#8221;][\/vc_column][\/vc_row][vc_row full_width=&#8221;stretch_row_content_no_spaces&#8221;][vc_column][vc_gmaps link=&#8221;#E-8_JTNDaWZyYW1lJTIwc3JjJTNEJTIyaHR0cHMlM0ElMkYlMkZ3d3cuZ29vZ2xlLmNvbSUyRm1hcHMlMkZlbWJlZCUzRnBiJTNEJTIxMW0xOCUyMTFtMTIlMjExbTMlMjExZDMwNTcuODIwNDQ1Mzg1Mjk1NCUyMTJkMzIuNTM5NjIyMjE1MjE5MTU0JTIxM2QzOS45Njc3NjY5OTA3NDU4NDQlMjEybTMlMjExZjAlMjEyZjAlMjEzZjAlMjEzbTIlMjExaTEwMjQlMjEyaTc2OCUyMTRmMTMuMSUyMTNtMyUyMTFtMiUyMTFzMHgxNGQzM2FiNDM0MWE0YzA3JTI1M0EweDRmMWZkZmVkYTYwMTkzODAlMjEyc0RlcmNlJTI1MjBQbGFzdGlrJTI1MjAlMjUyNiUyNTIwUG9saSUyNUMzJTI1QkNyZXRhbiUyMTVlMCUyMTNtMiUyMTFzdHIlMjEyc3J1JTIxNHYxNjY4MzU5MjU0MDYwJTIxNW0yJTIxMXN0ciUyMTJzcnUlMjIlMjB3aWR0aCUzRCUyMjYwMCUyMiUyMGhlaWdodCUzRCUyMjI1MCUyMiUyMHN0eWxlJTNEJTIyYm9yZGVyJTNBMCUzQiUyMiUyMGFsbG93ZnVsbHNjcmVlbiUzRCUyMiUyMiUyMGxvYWRpbmclM0QlMjJsYXp5JTIyJTIwcmVmZXJyZXJwb2xpY3klM0QlMjJuby1yZWZlcnJlci13aGVuLWRvd25ncmFkZSUyMiUzRSUzQyUyRmlmcmFtZSUzRQ==&#8221;][\/vc_column][\/vc_row]<\/p>\n","protected":false},"excerpt":{"rendered":"<p>[vc_row][vc_column][rev_slider_vc alias=&#8221;slider1&#8243;][\/vc_column][\/vc_row][vc_row][vc_column][vc_empty_space height=&#8221;&#8221; alter_height=&#8221;large&#8221; hide_on_mobile=&#8221;&#8221;][vc_empty_space height=&#8221;&#8221; alter_height=&#8221;large&#8221; hide_on_mobile=&#8221;&#8221;][\/vc_column][\/vc_row][vc_row full_width=&#8221;stretch_row_content_no_spaces&#8221; equal_height=&#8221;yes&#8221; content_placement=&#8221;middle&#8221; scheme=&#8221;dark&#8221; el_class=&#8221;responsive_2&#8243;][vc_column width=&#8221;1\/2&#8243; css=&#8221;.vc_custom_1669986883392{padding-right: 11% !important;padding-left: 11% !important;background-image: url(https:\/\/derceplas.com.tr\/wp-content\/uploads\/2022\/12\/Still1112_00007-1.jpg?id=1750) !important;background-position: center !important;background-repeat: no-repeat !important;background-size: cover !important;}&#8221; offset=&#8221;vc_col-lg-6 vc_col-md-6&#8243;][vc_empty_space height=&#8221;50px&#8221; hide_on_mobile=&#8221;&#8221;][vc_empty_space height=&#8221;50px&#8221; hide_on_mobile=&#8221;&#8221;][\/vc_column][vc_column width=&#8221;1\/2&#8243; css=&#8221;.vc_custom_1669988515924{padding-right: 6% !important;padding-left: 11.5% !important;background-image: url(https:\/\/derceplas.com.tr\/wp-content\/uploads\/2022\/12\/22222-1.jpg?id=1754) !important;background-position: center !important;background-repeat: no-repeat !important;background-size: cover !important;}&#8221; offset=&#8221;vc_col-lg-6 vc_col-md-6&#8243;][vc_empty_space height=&#8221;0.5rem&#8221; alter_height=&#8221;none&#8221; hide_on_mobile=&#8221;&#8221;][vc_empty_space height=&#8221;&#8221; alter_height=&#8221;large&#8221; hide_on_mobile=&#8221;&#8221;][vc_empty_space height=&#8221;2.4rem&#8221; alter_height=&#8221;none&#8221; hide_on_mobile=&#8221;&#8221;][\/vc_column][\/vc_row][vc_row][vc_column][vc_empty_space alter_height=&#8221;small&#8221; hide_on_mobile=&#8221;&#8221;][vc_empty_space&hellip;<\/p>\n","protected":false},"author":1,"featured_media":0,"parent":0,"menu_order":0,"comment_status":"closed","ping_status":"closed","template":"","meta":[],"_links":{"self":[{"href":"https:\/\/derceplas.com.tr\/index.php?rest_route=\/wp\/v2\/pages\/6"}],"collection":[{"href":"https:\/\/derceplas.com.tr\/index.php?rest_route=\/wp\/v2\/pages"}],"about":[{"href":"https:\/\/derceplas.com.tr\/index.php?rest_route=\/wp\/v2\/types\/page"}],"author":[{"embeddable":true,"href":"https:\/\/derceplas.com.tr\/index.php?rest_route=\/wp\/v2\/users\/1"}],"replies":[{"embeddable":true,"href":"https:\/\/derceplas.com.tr\/index.php?rest_route=%2Fwp%2Fv2%2Fcomments&post=6"}],"version-history":[{"count":73,"href":"https:\/\/derceplas.com.tr\/index.php?rest_route=\/wp\/v2\/pages\/6\/revisions"}],"predecessor-version":[{"id":1860,"href":"https:\/\/derceplas.com.tr\/index.php?rest_route=\/wp\/v2\/pages\/6\/revisions\/1860"}],"wp:attachment":[{"href":"https:\/\/derceplas.com.tr\/index.php?rest_route=%2Fwp%2Fv2%2Fmedia&parent=6"}],"curies":[{"name":"wp","href":"https:\/\/api.w.org\/{rel}","templated":true}]}}