{"id":2,"date":"2016-11-07T17:24:24","date_gmt":"2016-11-07T17:24:24","guid":{"rendered":"https:\/\/mandala.themerex.net\/?page_id=2"},"modified":"2022-12-06T09:48:31","modified_gmt":"2022-12-06T09:48:31","slug":"iletisim","status":"publish","type":"page","link":"https:\/\/derceplas.com.tr\/?page_id=2","title":{"rendered":"\u0130leti\u015fim"},"content":{"rendered":"<p>[vc_row el_class=&#8221;sc_form&#8221;][vc_column]<div id=\"sc_title_1021643604\"\n\t\tclass=\"sc_title sc_title_default  vc_custom_1669580502963\"><h3 class=\"sc_item_title sc_title_title sc_align_center sc_item_title_style_default\">Bize Ula\u015f\u0131n<\/h3><\/div><!-- \/.sc_title -->[\/vc_column][\/vc_row][vc_row el_class=&#8221;custom_icons&#8221;][vc_column]<div id=\"sc_icons_1085678537\" \n\tclass=\"sc_icons sc_icons_default sc_icons_size_small sc_align_center\"><div class=\"sc_icons_columns sc_item_columns trx_addons_columns_wrap columns_padding_bottom\"><div class=\"trx_addons_column-1_3\"><div class=\"sc_icons_item sc_icons_item_linked\"><div id=\"sc_icons_1085678537_fas fa-phone-square-alt\" class=\"sc_icons_icon sc_icon_type_fontawesome fas fa-phone-square-alt\"\n\t\t\t\t\t\t style=\"color: #1d2327\"\t\t\t\t\t\t><span class=\"sc_icon_type_fontawesome fas fa-phone-square-alt\" style=\"color: #1d2327\"><\/span><\/div><h4 class=\"sc_icons_title\"><a href=\"tel:+1%20215%20435%2016%2016\" class=\"sc_icons_link\">\n\t\t\t\t\t\t\t\n\t\t\t\t\t\t\t<span> +90 312 267 46 66<\/span>\n\n\t\t\t\t\t\t\t<\/a><\/h4><\/div><\/div><div class=\"trx_addons_column-1_3\"><div class=\"sc_icons_item\"><div id=\"sc_icons_1085678537_icon-location-light\" class=\"sc_icons_icon sc_icon_type_fontawesome icon-location-light\"\n\t\t\t\t\t\t style=\"color: #1d2327\"\t\t\t\t\t\t><span class=\"sc_icon_type_fontawesome icon-location-light\" style=\"color: #1d2327\"><\/span><\/div><h4 class=\"sc_icons_title\"><span>1. OSB Ayd\u0131no\u011fullar\u0131 Sokak No:10 06935 Sincan - ANKARA<\/span><\/h4><\/div><\/div><div class=\"trx_addons_column-1_3\"><div class=\"sc_icons_item sc_icons_item_linked\"><div id=\"sc_icons_1085678537_icon-mail-light\" class=\"sc_icons_icon sc_icon_type_fontawesome icon-mail-light\"\n\t\t\t\t\t\t style=\"color: #1d2327\"\t\t\t\t\t\t><span class=\"sc_icon_type_fontawesome icon-mail-light\" style=\"color: #1d2327\"><\/span><\/div><h4 class=\"sc_icons_title\"><a href=\"mailto:info@derce.com.tr\" class=\"sc_icons_link\">\n\t\t\t\t\t\t\t\n\t\t\t\t\t\t\t<span>derce@derce.com.tr<\/span>\n\n\t\t\t\t\t\t\t<\/a><\/h4><\/div><\/div><\/div><\/div><!-- \/.sc_icons -->[\/vc_column][\/vc_row][vc_row][vc_column][vc_empty_space height=&#8221;&#8221; hide_on_mobile=&#8221;&#8221;][\/vc_column][\/vc_row][vc_row full_width=&#8221;stretch_row_content_no_spaces&#8221;][vc_column]<div id=\"sc_googlemap_99090737_wrap\" class=\"sc_googlemap_wrap\"><div id=\"sc_googlemap_99090737\"\n\t\t\tclass=\"sc_googlemap sc_googlemap_default\"\n\t\t\t style=\"width:100%;height:41.071em;\"\t\t\tdata-zoom=\"16\"\n\t\t\tdata-style=\"dark\"\n    ><iframe\n                src=\"https:\/\/maps.google.com\/maps?t=m&output=embed&iwloc=near&z=16&q=Derce+Plastik+%26+Poli%C3%BCretan\"\n                scrolling=\"no\"\n                marginheight=\"0\"\n                marginwidth=\"0\"\n                frameborder=\"0\"\n                aria-label=\"Derce Plastik &amp; Poli\u00fcretan\"><\/iframe><\/div><\/div><!-- \/.sc_googlemap_wrap -->[\/vc_column][\/vc_row]<\/p>\n","protected":false},"excerpt":{"rendered":"<p>[vc_row el_class=&#8221;sc_form&#8221;][vc_column][\/vc_column][\/vc_row][vc_row el_class=&#8221;custom_icons&#8221;][vc_column][\/vc_column][\/vc_row][vc_row][vc_column][vc_empty_space height=&#8221;&#8221; hide_on_mobile=&#8221;&#8221;][\/vc_column][\/vc_row][vc_row full_width=&#8221;stretch_row_content_no_spaces&#8221;][vc_column][\/vc_column][\/vc_row]<\/p>\n","protected":false},"author":1,"featured_media":0,"parent":0,"menu_order":0,"comment_status":"closed","ping_status":"closed","template":"","meta":[],"_links":{"self":[{"href":"https:\/\/derceplas.com.tr\/index.php?rest_route=\/wp\/v2\/pages\/2"}],"collection":[{"href":"https:\/\/derceplas.com.tr\/index.php?rest_route=\/wp\/v2\/pages"}],"about":[{"href":"https:\/\/derceplas.com.tr\/index.php?rest_route=\/wp\/v2\/types\/page"}],"author":[{"embeddable":true,"href":"https:\/\/derceplas.com.tr\/index.php?rest_route=\/wp\/v2\/users\/1"}],"replies":[{"embeddable":true,"href":"https:\/\/derceplas.com.tr\/index.php?rest_route=%2Fwp%2Fv2%2Fcomments&post=2"}],"version-history":[{"count":7,"href":"https:\/\/derceplas.com.tr\/index.php?rest_route=\/wp\/v2\/pages\/2\/revisions"}],"predecessor-version":[{"id":1818,"href":"https:\/\/derceplas.com.tr\/index.php?rest_route=\/wp\/v2\/pages\/2\/revisions\/1818"}],"wp:attachment":[{"href":"https:\/\/derceplas.com.tr\/index.php?rest_route=%2Fwp%2Fv2%2Fmedia&parent=2"}],"curies":[{"name":"wp","href":"https:\/\/api.w.org\/{rel}","templated":true}]}}