{"id":1516,"date":"2022-11-27T17:03:00","date_gmt":"2022-11-27T17:03:00","guid":{"rendered":"https:\/\/derceplas.com.tr\/?page_id=1516"},"modified":"2022-12-28T19:30:32","modified_gmt":"2022-12-28T19:30:32","slug":"kati-seker-kutulari","status":"publish","type":"page","link":"https:\/\/derceplas.com.tr\/?page_id=1516","title":{"rendered":"Kat\u0131 \u015eeker Kutular\u0131"},"content":{"rendered":"<p>[vc_row][vc_column]\n\t\t\t<!-- START Kar REVOLUTION SLIDER 6.5.14 --><p class=\"rs-p-wp-fix\"><\/p>\n\t\t\t<rs-module-wrap id=\"rev_slider_10_1_wrapper\" data-source=\"gallery\" style=\"visibility:hidden;background:transparent;padding:0;margin:0px auto;margin-top:0;margin-bottom:0;\">\n\t\t\t\t<rs-module id=\"rev_slider_10_1\" style=\"\" data-version=\"6.5.14\">\n\t\t\t\t\t<rs-slides>\n\t\t\t\t\t\t<rs-slide style=\"position: absolute;\" data-key=\"rs-36\" data-title=\"Slide\" data-anim=\"ms:600;\" data-in=\"o:0;\" data-out=\"a:false;\">\n\t\t\t\t\t\t\t<img src=\"\/\/derceplas.com.tr\/wp-content\/plugins\/revslider\/public\/assets\/assets\/dummy.png\" alt=\"\" title=\"Ads\u0131z (1920 \u00d7 500 piksel) (44)\" width=\"1920\" height=\"500\" class=\"rev-slidebg tp-rs-img rs-lazyload\" data-lazyload=\"\/\/derceplas.com.tr\/wp-content\/uploads\/2022\/12\/Adsiz-1920-\u00d7-500-piksel-44.png\" data-no-retina>\n<!---->\t\t\t\t\t\t<\/rs-slide>\n\t\t\t\t\t<\/rs-slides>\n\t\t\t\t\t<rs-static-layers><!--\n\n\t\t\t\t\t\t\t--><rs-layer\n\t\t\t\t\t\t\t\tid=\"slider-10-slide-10-layer-4\" \n\t\t\t\t\t\t\t\tclass=\"slider_1_subtitle rs-layer-static\"\n\t\t\t\t\t\t\t\tdata-type=\"text\"\n\t\t\t\t\t\t\t\tdata-color=\"rgba(51, 63, 75, 1)\"\n\t\t\t\t\t\t\t\tdata-rsp_ch=\"on\"\n\t\t\t\t\t\t\t\tdata-xy=\"x:22px;y:53px;\"\n\t\t\t\t\t\t\t\tdata-text=\"w:normal;s:30;l:48;\"\n\t\t\t\t\t\t\t\tdata-dim=\"w:739;\"\n\t\t\t\t\t\t\t\tdata-onslides=\"s:1;\"\n\t\t\t\t\t\t\t\tdata-frame_1=\"e:power2.inOut;st:500;sp:790;sR:500;\"\n\t\t\t\t\t\t\t\tdata-frame_999=\"o:0;e:nothing;st:w;sp:2090;sR:7710;\"\n\t\t\t\t\t\t\t\tstyle=\"z-index:8;font-family:'Ubuntu';\"\n\t\t\t\t\t\t\t>\u00d6zel tasar\u0131m\u0131 olan \u015feker kaplar\u0131m\u0131z i\u00e7erisine 50 gram \u00fcr\u00fcn alabilmektedir. \u0130hracat\u0131 yap\u0131lan \u00fcr\u00fcnlerimiz\n50 gram \u00fcr\u00fcn ile d\u00fc\u015fme testinden rahatl\u0131kla ge\u00e7mektedir. FDA onay\u0131 olan poliproplen ve polietilen\nhammaddelerden \u00fcretimi yap\u0131lan kaplar\u0131m\u0131z, g\u0131da i\u00e7in uygun ko\u015fullarda \u00fcretilmektedir. \n\t\t\t\t\t\t\t<\/rs-layer><!--\n\t\t\t\t\t--><\/rs-static-layers>\n\t\t\t\t<\/rs-module>\n\t\t\t\t<script>\n\t\t\t\t\tsetREVStartSize({c: 'rev_slider_10_1',rl:[1240,1024,778,480],el:[500],gw:[1650],gh:[500],type:'standard',justify:'',layout:'fullwidth',mh:\"0\"});if (window.RS_MODULES!==undefined && window.RS_MODULES.modules!==undefined && window.RS_MODULES.modules[\"revslider101\"]!==undefined) {window.RS_MODULES.modules[\"revslider101\"].once = false;window.revapi10 = undefined;if (window.RS_MODULES.checkMinimal!==undefined) window.RS_MODULES.checkMinimal()}\n\t\t\t\t<\/script>\n\t\t\t<\/rs-module-wrap>\n\t\t\t<!-- END REVOLUTION SLIDER -->\n[\/vc_column][\/vc_row]<\/p>\n","protected":false},"excerpt":{"rendered":"<p>[vc_row][vc_column][\/vc_column][\/vc_row]<\/p>\n","protected":false},"author":1,"featured_media":0,"parent":0,"menu_order":0,"comment_status":"closed","ping_status":"closed","template":"","meta":[],"_links":{"self":[{"href":"https:\/\/derceplas.com.tr\/index.php?rest_route=\/wp\/v2\/pages\/1516"}],"collection":[{"href":"https:\/\/derceplas.com.tr\/index.php?rest_route=\/wp\/v2\/pages"}],"about":[{"href":"https:\/\/derceplas.com.tr\/index.php?rest_route=\/wp\/v2\/types\/page"}],"author":[{"embeddable":true,"href":"https:\/\/derceplas.com.tr\/index.php?rest_route=\/wp\/v2\/users\/1"}],"replies":[{"embeddable":true,"href":"https:\/\/derceplas.com.tr\/index.php?rest_route=%2Fwp%2Fv2%2Fcomments&post=1516"}],"version-history":[{"count":4,"href":"https:\/\/derceplas.com.tr\/index.php?rest_route=\/wp\/v2\/pages\/1516\/revisions"}],"predecessor-version":[{"id":1843,"href":"https:\/\/derceplas.com.tr\/index.php?rest_route=\/wp\/v2\/pages\/1516\/revisions\/1843"}],"wp:attachment":[{"href":"https:\/\/derceplas.com.tr\/index.php?rest_route=%2Fwp%2Fv2%2Fmedia&parent=1516"}],"curies":[{"name":"wp","href":"https:\/\/api.w.org\/{rel}","templated":true}]}}