{"id":1510,"date":"2022-11-27T17:01:53","date_gmt":"2022-11-27T17:01:53","guid":{"rendered":"https:\/\/derceplas.com.tr\/?page_id=1510"},"modified":"2023-01-07T18:51:26","modified_gmt":"2023-01-07T18:51:26","slug":"pp-pe-siseler","status":"publish","type":"page","link":"https:\/\/derceplas.com.tr\/?page_id=1510","title":{"rendered":"PP \u2013 PE \u015ei\u015feler"},"content":{"rendered":"<p>[vc_row][vc_column]\n\t\t\t<!-- START Helezon REVOLUTION SLIDER 6.5.14 --><p class=\"rs-p-wp-fix\"><\/p>\n\t\t\t<rs-module-wrap id=\"rev_slider_12_1_wrapper\" data-source=\"gallery\" style=\"visibility:hidden;background:transparent;padding:0;margin:0px auto;margin-top:0;margin-bottom:0;\">\n\t\t\t\t<rs-module id=\"rev_slider_12_1\" style=\"\" data-version=\"6.5.14\">\n\t\t\t\t\t<rs-slides>\n\t\t\t\t\t\t<rs-slide style=\"position: absolute;\" data-key=\"rs-43\" data-title=\"Slide\" data-thumb=\"\/\/derceplas.com.tr\/wp-content\/uploads\/2022\/12\/2-4-100x50.png\" data-anim=\"ms:600;\" data-in=\"o:0;\" data-out=\"a:false;\">\n\t\t\t\t\t\t\t<img src=\"\/\/derceplas.com.tr\/wp-content\/plugins\/revslider\/public\/assets\/assets\/dummy.png\" alt=\"\" title=\"2\" width=\"1920\" height=\"500\" class=\"rev-slidebg tp-rs-img rs-lazyload\" data-lazyload=\"\/\/derceplas.com.tr\/wp-content\/uploads\/2022\/12\/2-4.png\" data-no-retina>\n<!---->\t\t\t\t\t\t<\/rs-slide>\n\t\t\t\t\t\t<rs-slide style=\"position: absolute;\" data-key=\"rs-42\" data-title=\"Slide\" data-thumb=\"\/\/derceplas.com.tr\/wp-content\/uploads\/2022\/12\/1-5-100x50.png\" data-anim=\"ms:600;\" data-in=\"o:0;\" data-out=\"a:false;\">\n\t\t\t\t\t\t\t<img src=\"\/\/derceplas.com.tr\/wp-content\/plugins\/revslider\/public\/assets\/assets\/dummy.png\" alt=\"\" title=\"1\" width=\"1920\" height=\"500\" class=\"rev-slidebg tp-rs-img rs-lazyload\" data-lazyload=\"\/\/derceplas.com.tr\/wp-content\/uploads\/2022\/12\/1-5.png\" data-no-retina>\n<!---->\t\t\t\t\t\t<\/rs-slide>\n\t\t\t\t\t<\/rs-slides>\n\t\t\t\t\t<rs-static-layers><!--\n\n\t\t\t\t\t\t\t--><rs-layer\n\t\t\t\t\t\t\t\tid=\"slider-12-slide-12-layer-4\" \n\t\t\t\t\t\t\t\tclass=\"slider_1_subtitle rs-layer-static\"\n\t\t\t\t\t\t\t\tdata-type=\"text\"\n\t\t\t\t\t\t\t\tdata-color=\"rgba(51, 63, 75, 1)\"\n\t\t\t\t\t\t\t\tdata-rsp_ch=\"on\"\n\t\t\t\t\t\t\t\tdata-xy=\"x:22px;y:52px;\"\n\t\t\t\t\t\t\t\tdata-text=\"w:normal;s:30;l:48;\"\n\t\t\t\t\t\t\t\tdata-dim=\"w:739;\"\n\t\t\t\t\t\t\t\tdata-onslides=\"s:1;\"\n\t\t\t\t\t\t\t\tdata-frame_1=\"e:power2.inOut;st:500;sp:790;sR:500;\"\n\t\t\t\t\t\t\t\tdata-frame_999=\"o:0;e:nothing;st:w;sp:2090;sR:7710;\"\n\t\t\t\t\t\t\t\tstyle=\"z-index:8;font-family:'Ubuntu';\"\n\t\t\t\t\t\t\t>Enjeksiyon \u015fi\u015firme y\u00f6ntemi ile hassas \u00f6l\u00e7\u00fclerde s\u0131zd\u0131rmaz \u015fi\u015fe \u00fcretimi yapabilmekteyiz. \u015ei\u015felerimiz; G\u0131da, \u0130la\u00e7 ve Kozmetik sekt\u00f6rleri i\u00e7in uygun \u015fartlarda \u00fcretilmektedir. \u015ei\u015fe i\u00e7ine koyulacak s\u0131v\u0131n\u0131n cinsine g\u00f6re poliproplen veya polietilen hammaddeden istenilen renkte \u00fcretilebilir. \n\t\t\t\t\t\t\t<\/rs-layer><!--\n\t\t\t\t\t--><\/rs-static-layers>\n\t\t\t\t<\/rs-module>\n\t\t\t\t<script>\n\t\t\t\t\tsetREVStartSize({c: 'rev_slider_12_1',rl:[1240,1024,778,480],el:[500],gw:[1650],gh:[500],type:'standard',justify:'',layout:'fullwidth',mh:\"0\"});if (window.RS_MODULES!==undefined && window.RS_MODULES.modules!==undefined && window.RS_MODULES.modules[\"revslider121\"]!==undefined) {window.RS_MODULES.modules[\"revslider121\"].once = false;window.revapi12 = undefined;if (window.RS_MODULES.checkMinimal!==undefined) window.RS_MODULES.checkMinimal()}\n\t\t\t\t<\/script>\n\t\t\t<\/rs-module-wrap>\n\t\t\t<!-- END REVOLUTION SLIDER -->\n[\/vc_column][\/vc_row]<\/p>\n","protected":false},"excerpt":{"rendered":"<p>[vc_row][vc_column][\/vc_column][\/vc_row]<\/p>\n","protected":false},"author":1,"featured_media":0,"parent":0,"menu_order":0,"comment_status":"closed","ping_status":"closed","template":"","meta":[],"_links":{"self":[{"href":"https:\/\/derceplas.com.tr\/index.php?rest_route=\/wp\/v2\/pages\/1510"}],"collection":[{"href":"https:\/\/derceplas.com.tr\/index.php?rest_route=\/wp\/v2\/pages"}],"about":[{"href":"https:\/\/derceplas.com.tr\/index.php?rest_route=\/wp\/v2\/types\/page"}],"author":[{"embeddable":true,"href":"https:\/\/derceplas.com.tr\/index.php?rest_route=\/wp\/v2\/users\/1"}],"replies":[{"embeddable":true,"href":"https:\/\/derceplas.com.tr\/index.php?rest_route=%2Fwp%2Fv2%2Fcomments&post=1510"}],"version-history":[{"count":6,"href":"https:\/\/derceplas.com.tr\/index.php?rest_route=\/wp\/v2\/pages\/1510\/revisions"}],"predecessor-version":[{"id":1871,"href":"https:\/\/derceplas.com.tr\/index.php?rest_route=\/wp\/v2\/pages\/1510\/revisions\/1871"}],"wp:attachment":[{"href":"https:\/\/derceplas.com.tr\/index.php?rest_route=%2Fwp%2Fv2%2Fmedia&parent=1510"}],"curies":[{"name":"wp","href":"https:\/\/api.w.org\/{rel}","templated":true}]}}