{"id":1482,"date":"2022-11-27T16:52:58","date_gmt":"2022-11-27T16:52:58","guid":{"rendered":"https:\/\/derceplas.com.tr\/?page_id=1482"},"modified":"2022-12-12T09:06:48","modified_gmt":"2022-12-12T09:06:48","slug":"bilgi-toplumu-hizmetleri","status":"publish","type":"page","link":"https:\/\/derceplas.com.tr\/?page_id=1482","title":{"rendered":"Bilgi Toplumu Hizmetleri"},"content":{"rendered":"<p>[vc_row][vc_column width=&#8221;1\/4&#8243;][vc_empty_space height=&#8221;0.3rem&#8221; alter_height=&#8221;none&#8221; hide_on_mobile=&#8221;&#8221;][vc_empty_space height=&#8221;&#8221; alter_height=&#8221;small&#8221; hide_on_mobile=&#8221;&#8221;][vc_empty_space height=&#8221;&#8221; alter_height=&#8221;medium&#8221; hide_on_mobile=&#8221;&#8221;][vc_wp_custommenu nav_menu=&#8221;78&#8243;][\/vc_column][vc_column width=&#8221;3\/4&#8243;][vc_empty_space height=&#8221;&#8221; hide_on_mobile=&#8221;&#8221;][vc_empty_space height=&#8221;0.3rem&#8221; alter_height=&#8221;none&#8221; hide_on_mobile=&#8221;&#8221;][vc_empty_space height=&#8221;&#8221; alter_height=&#8221;small&#8221; hide_on_mobile=&#8221;&#8221;][vc_column_text]<strong>Mersis numaras\u0131 : 029211340060001<\/strong><\/p>\n<p><strong>Ticaret unvan\u0131 :\u00a0<\/strong>Derce Polimer ve Savunma Sanayi ve Ticaret A.\u015e.<\/p>\n<p><strong>Merkez&amp;Fabrika :<\/strong>\u00a0ASO 1.OSB Ural Cad. Ayd\u0131no\u011fullar\u0131 Sokak No:10 Sincan \/ANKARA<\/p>\n<p><strong>Tel <\/strong><strong>:<\/strong>\u00a0+90 312 267 46 66 (Pbx)\u00a0<strong>Fax:<\/strong>\u00a0+90 312 267 46 67<\/p>\n<p><strong>Taahh\u00fct Edilen Ve \u00d6denen Sermayesi :<\/strong>\u00a010.000.000,00 TL<\/p>\n<p><strong>Y\u00f6netim Kurulu Ba\u015fkan\u0131 :<\/strong>\u00a0R\u0131za D\u0130LBER<\/p>\n<p><strong>Y\u00f6netim Kurulu Ba\u015fkan Yard\u0131mc\u0131s\u0131 <\/strong><strong>:<\/strong>\u00a0Can EROLFAN<\/p>\n<p><strong>Y\u00f6netim Kurulu \u00dcyesi :<\/strong>\u00a0Cenk D\u0130LBER<strong>\u00a0<\/strong><\/p>\n<p><strong>SMMM Denet\u00e7i Firma :<\/strong><\/p>\n<ol>\n<li>Unvan\u0131 : H\u0130RALYA Muhasebe Arac\u0131l\u0131k Hizmetleri Ltd. \u015eti.<\/li>\n<li>Merkezi : S\u00fcvari Mahallesi Ahi Mesut Bulvar\u0131 No:51\/A Etimesgut ANKARA<\/li>\n<\/ol>\n<p>[\/vc_column_text][\/vc_column][\/vc_row]<\/p>\n","protected":false},"excerpt":{"rendered":"<p>[vc_row][vc_column width=&#8221;1\/4&#8243;][vc_empty_space height=&#8221;0.3rem&#8221; alter_height=&#8221;none&#8221; hide_on_mobile=&#8221;&#8221;][vc_empty_space height=&#8221;&#8221; alter_height=&#8221;small&#8221; hide_on_mobile=&#8221;&#8221;][vc_empty_space height=&#8221;&#8221; alter_height=&#8221;medium&#8221; hide_on_mobile=&#8221;&#8221;][vc_wp_custommenu nav_menu=&#8221;78&#8243;][\/vc_column][vc_column width=&#8221;3\/4&#8243;][vc_empty_space height=&#8221;&#8221; hide_on_mobile=&#8221;&#8221;][vc_empty_space height=&#8221;0.3rem&#8221; alter_height=&#8221;none&#8221; hide_on_mobile=&#8221;&#8221;][vc_empty_space height=&#8221;&#8221; alter_height=&#8221;small&#8221; hide_on_mobile=&#8221;&#8221;][vc_column_text]Mersis numaras\u0131 : 029211340060001 Ticaret unvan\u0131 :\u00a0Derce Polimer ve Savunma Sanayi ve Ticaret A.\u015e. Merkez&amp;Fabrika :\u00a0ASO 1.OSB Ural Cad. Ayd\u0131no\u011fullar\u0131 Sokak No:10 Sincan \/ANKARA Tel :\u00a0+90 312 267 46 66 (Pbx)\u00a0Fax:\u00a0+90 312 267 46 67 Taahh\u00fct Edilen Ve \u00d6denen Sermayesi&hellip;<\/p>\n","protected":false},"author":1,"featured_media":0,"parent":0,"menu_order":0,"comment_status":"closed","ping_status":"closed","template":"","meta":[],"_links":{"self":[{"href":"https:\/\/derceplas.com.tr\/index.php?rest_route=\/wp\/v2\/pages\/1482"}],"collection":[{"href":"https:\/\/derceplas.com.tr\/index.php?rest_route=\/wp\/v2\/pages"}],"about":[{"href":"https:\/\/derceplas.com.tr\/index.php?rest_route=\/wp\/v2\/types\/page"}],"author":[{"embeddable":true,"href":"https:\/\/derceplas.com.tr\/index.php?rest_route=\/wp\/v2\/users\/1"}],"replies":[{"embeddable":true,"href":"https:\/\/derceplas.com.tr\/index.php?rest_route=%2Fwp%2Fv2%2Fcomments&post=1482"}],"version-history":[{"count":6,"href":"https:\/\/derceplas.com.tr\/index.php?rest_route=\/wp\/v2\/pages\/1482\/revisions"}],"predecessor-version":[{"id":1825,"href":"https:\/\/derceplas.com.tr\/index.php?rest_route=\/wp\/v2\/pages\/1482\/revisions\/1825"}],"wp:attachment":[{"href":"https:\/\/derceplas.com.tr\/index.php?rest_route=%2Fwp%2Fv2%2Fmedia&parent=1482"}],"curies":[{"name":"wp","href":"https:\/\/api.w.org\/{rel}","templated":true}]}}