{"id":1480,"date":"2022-11-27T16:55:40","date_gmt":"2022-11-27T16:55:40","guid":{"rendered":"https:\/\/derceplas.com.tr\/?page_id=1480"},"modified":"2022-12-01T23:20:05","modified_gmt":"2022-12-01T23:20:05","slug":"misyon-ve-vizyon","status":"publish","type":"page","link":"https:\/\/derceplas.com.tr\/?page_id=1480","title":{"rendered":"Misyon ve Vizyon"},"content":{"rendered":"<p>[vc_row][vc_column width=&#8221;1\/4&#8243;][vc_empty_space height=&#8221;0.3rem&#8221; alter_height=&#8221;none&#8221; hide_on_mobile=&#8221;&#8221;][vc_empty_space height=&#8221;&#8221; alter_height=&#8221;small&#8221; hide_on_mobile=&#8221;&#8221;][vc_empty_space height=&#8221;&#8221; alter_height=&#8221;medium&#8221; hide_on_mobile=&#8221;&#8221;][vc_wp_custommenu nav_menu=&#8221;78&#8243;][\/vc_column][vc_column width=&#8221;3\/4&#8243;][vc_empty_space height=&#8221;&#8221; hide_on_mobile=&#8221;&#8221;][vc_empty_space height=&#8221;0.3rem&#8221; alter_height=&#8221;none&#8221; hide_on_mobile=&#8221;&#8221;][vc_empty_space height=&#8221;&#8221; alter_height=&#8221;small&#8221; hide_on_mobile=&#8221;&#8221;][vc_column_text]Geli\u015fen kalite anlay\u0131\u015f\u0131m\u0131z ile m\u00fc\u015fteri bilgilendirilmesi ve memnuniyetini her zaman \u00f6n planda tutan \u015firketimiz, sekt\u00f6r\u00fcndeki geli\u015fmeleri ve teknolojiyi de yak\u0131ndan takip ederek yolunda emin ad\u0131mlarla ilerlemektedir.<\/p>\n<p>T\u00fcm d\u00fcnyada \u00e7ok ge\u00e7 kal\u0131nmas\u0131na ra\u011fmen, ancak son y\u0131llarda \u00f6nemsenmeye ba\u015flanm\u0131\u015f olan \u00e7evre duyarl\u0131l\u0131\u011f\u0131 konusunda \u015firketimiz \u00fczerine d\u00fc\u015fen her g\u00f6revi ve her sorumlulu\u011fu yerine getirmeye \u00f6zen g\u00f6stermektedir.<\/p>\n<p>Her plan\u0131n\u0131 daha g\u00fczel yar\u0131nlar i\u00e7in yapan \u015firketimiz sekt\u00f6r\u00fcndeki lider konumunun t\u00fcm gerekliliklerinin fark\u0131nda olarak \u00e7al\u0131\u015fmalar\u0131na devam etmektedir.[\/vc_column_text][\/vc_column][\/vc_row]<\/p>\n","protected":false},"excerpt":{"rendered":"<p>[vc_row][vc_column width=&#8221;1\/4&#8243;][vc_empty_space height=&#8221;0.3rem&#8221; alter_height=&#8221;none&#8221; hide_on_mobile=&#8221;&#8221;][vc_empty_space height=&#8221;&#8221; alter_height=&#8221;small&#8221; hide_on_mobile=&#8221;&#8221;][vc_empty_space height=&#8221;&#8221; alter_height=&#8221;medium&#8221; hide_on_mobile=&#8221;&#8221;][vc_wp_custommenu nav_menu=&#8221;78&#8243;][\/vc_column][vc_column width=&#8221;3\/4&#8243;][vc_empty_space height=&#8221;&#8221; hide_on_mobile=&#8221;&#8221;][vc_empty_space height=&#8221;0.3rem&#8221; alter_height=&#8221;none&#8221; hide_on_mobile=&#8221;&#8221;][vc_empty_space height=&#8221;&#8221; alter_height=&#8221;small&#8221; hide_on_mobile=&#8221;&#8221;][vc_column_text]Geli\u015fen kalite anlay\u0131\u015f\u0131m\u0131z ile m\u00fc\u015fteri bilgilendirilmesi ve memnuniyetini her zaman \u00f6n planda tutan \u015firketimiz, sekt\u00f6r\u00fcndeki geli\u015fmeleri ve teknolojiyi de yak\u0131ndan takip ederek yolunda emin ad\u0131mlarla ilerlemektedir. T\u00fcm d\u00fcnyada \u00e7ok ge\u00e7 kal\u0131nmas\u0131na ra\u011fmen, ancak son y\u0131llarda \u00f6nemsenmeye ba\u015flanm\u0131\u015f olan \u00e7evre duyarl\u0131l\u0131\u011f\u0131&hellip;<\/p>\n","protected":false},"author":1,"featured_media":0,"parent":0,"menu_order":0,"comment_status":"closed","ping_status":"closed","template":"","meta":[],"_links":{"self":[{"href":"https:\/\/derceplas.com.tr\/index.php?rest_route=\/wp\/v2\/pages\/1480"}],"collection":[{"href":"https:\/\/derceplas.com.tr\/index.php?rest_route=\/wp\/v2\/pages"}],"about":[{"href":"https:\/\/derceplas.com.tr\/index.php?rest_route=\/wp\/v2\/types\/page"}],"author":[{"embeddable":true,"href":"https:\/\/derceplas.com.tr\/index.php?rest_route=\/wp\/v2\/users\/1"}],"replies":[{"embeddable":true,"href":"https:\/\/derceplas.com.tr\/index.php?rest_route=%2Fwp%2Fv2%2Fcomments&post=1480"}],"version-history":[{"count":5,"href":"https:\/\/derceplas.com.tr\/index.php?rest_route=\/wp\/v2\/pages\/1480\/revisions"}],"predecessor-version":[{"id":1739,"href":"https:\/\/derceplas.com.tr\/index.php?rest_route=\/wp\/v2\/pages\/1480\/revisions\/1739"}],"wp:attachment":[{"href":"https:\/\/derceplas.com.tr\/index.php?rest_route=%2Fwp%2Fv2%2Fmedia&parent=1480"}],"curies":[{"name":"wp","href":"https:\/\/api.w.org\/{rel}","templated":true}]}}