{"id":1472,"date":"2022-11-27T16:51:43","date_gmt":"2022-11-27T16:51:43","guid":{"rendered":"https:\/\/derceplas.com.tr\/?page_id=1472"},"modified":"2022-12-01T23:20:44","modified_gmt":"2022-12-01T23:20:44","slug":"kalite-ve-cevre-politikasi","status":"publish","type":"page","link":"https:\/\/derceplas.com.tr\/?page_id=1472","title":{"rendered":"Kalite ve \u00c7evre Politikas\u0131"},"content":{"rendered":"<p>[vc_row][vc_column width=&#8221;1\/4&#8243;][vc_empty_space height=&#8221;0.3rem&#8221; alter_height=&#8221;none&#8221; hide_on_mobile=&#8221;&#8221;][vc_empty_space height=&#8221;&#8221; alter_height=&#8221;small&#8221; hide_on_mobile=&#8221;&#8221;][vc_empty_space height=&#8221;&#8221; alter_height=&#8221;medium&#8221; hide_on_mobile=&#8221;&#8221;][vc_wp_custommenu nav_menu=&#8221;78&#8243;][\/vc_column][vc_column width=&#8221;3\/4&#8243;][vc_empty_space height=&#8221;&#8221; hide_on_mobile=&#8221;&#8221;][vc_empty_space height=&#8221;0.3rem&#8221; alter_height=&#8221;none&#8221; hide_on_mobile=&#8221;&#8221;][vc_empty_space height=&#8221;&#8221; alter_height=&#8221;small&#8221; hide_on_mobile=&#8221;&#8221;][vc_column_text]\u0130leri \u00dcretim Teknikleri ve Gelece\u011fe Yat\u0131r\u0131m<br \/>\nGiri\u015f kalite kontrol\u00fcnden, \u00e7\u0131k\u0131\u015f kalite kontrol\u00fc ve saha kurulum a\u015famalar\u0131na kadar Derce g\u00fcvencesi alt\u0131ndas\u0131n\u0131z. En \u00f6nemli \u00f6zelliklerimizden biri \u00fcst d\u00fczeyde geriye d\u00f6n\u00fck izlenebilirlik, s\u00fcrekli analiz ve geli\u015fmeye a\u00e7\u0131k alt yap\u0131m\u0131zd\u0131r. Dijital sanayi devriminin e\u015fi\u011finde olman\u0131n fark\u0131ndal\u0131\u011f\u0131yla, sekt\u00f6rde b\u00fcy\u00fck ad\u0131mlarla ilerlemekteyiz.<\/p>\n<p>Hammaddeden \u00fcr\u00fcne, t\u00fcm s\u00fcre\u00e7lerde kalite ad\u0131mlar\u0131n\u0131n %100 uyguland\u0131\u011f\u0131 ve ERP yaz\u0131l\u0131m\u0131 ile kay\u0131t alt\u0131na al\u0131nd\u0131\u011f\u0131 sa\u011flam bir yap\u0131ya sahibiz.<\/p>\n<p>Y\u00fcksek teknoloji \u00f6l\u00e7\u00fcm ekipmanlar\u0131 ile \u00fcr\u00fcnlerimizin performans ve g\u00fcvenli\u011fini garanti alt\u0131na alarak m\u00fc\u015fteri memnuniyeti odakl\u0131 \u00e7al\u0131\u015f\u0131yoruz.<\/p>\n<p>\u00d6zellikle plastik roll-on top ve \u015fi\u015fe \u00fcretimde T\u00fcrkiye\u2019nin en ileri seviye otomasyon hatlar\u0131ndan birini kurarak m\u00fckemmelli\u011fimizi s\u00fcrd\u00fcr\u00fcyoruz.<\/p>\n<p><strong>Derce olarak;\u00a0<\/strong><\/p>\n<p>Yurti\u00e7i ve yurtd\u0131\u015f\u0131 perakende sekt\u00f6r\u00fcne sundu\u011fumuz plastik,poli\u00fcretan ve end\u00fcstriyel so\u011fuk oda panellerini \u00fcretirken; malzeme tedarikinden, \u00fcr\u00fcn\u00fcn sevkiyat\u0131na kadar t\u00fcm s\u00fcre\u00e7lerimizde, s\u00fcrekli iyile\u015ftirme yaparak, m\u00fc\u015fteri memnuniyetini sa\u011flamak,<\/p>\n<p>Yap\u0131lan tasar\u0131msal iyile\u015ftirmelerle \u00fcr\u00fcn yelpazemizi m\u00fc\u015fteri ve pazar ihtiyac\u0131n\u0131 kar\u015f\u0131layacak \u015fekilde geni\u015fletmek,<\/p>\n<p>Tesis yenileme ve teknolojik altyap\u0131 \u00e7al\u0131\u015fmalar\u0131 ile \u00fcr\u00fcn kalitesine y\u00f6nelik iyile\u015ftirmeler yaparken, \u00e7al\u0131\u015fma ortam\u0131n\u0131 iyile\u015ftirmek ve \u00e7evresel etkiyi azaltmak,<\/p>\n<p>Toplam kaliteye giden yolda t\u00fcm \u00e7al\u0131\u015fanlar\u0131m\u0131z\u0131n tam kat\u0131l\u0131m\u0131n\u0131 sa\u011flayarak sistemi b\u00fct\u00fcn halinde y\u00f6neterek verimlili\u011fi artt\u0131rmak, \u00c7al\u0131\u015fanlar\u0131m\u0131zda \u00e7evre bilincini olu\u015fturmak,<\/p>\n<p>Kirlenmenin \u00f6nlenmesini i\u00e7in gerekli \u00e7al\u0131\u015fmalar\u0131 yapmak,<\/p>\n<p>\u0130\u015fimizi yaparken kanunlara ve mevcut standartlara uymak, Politikam\u0131zd\u0131r.[\/vc_column_text][\/vc_column][\/vc_row]<\/p>\n","protected":false},"excerpt":{"rendered":"<p>[vc_row][vc_column width=&#8221;1\/4&#8243;][vc_empty_space height=&#8221;0.3rem&#8221; alter_height=&#8221;none&#8221; hide_on_mobile=&#8221;&#8221;][vc_empty_space height=&#8221;&#8221; alter_height=&#8221;small&#8221; hide_on_mobile=&#8221;&#8221;][vc_empty_space height=&#8221;&#8221; alter_height=&#8221;medium&#8221; hide_on_mobile=&#8221;&#8221;][vc_wp_custommenu nav_menu=&#8221;78&#8243;][\/vc_column][vc_column width=&#8221;3\/4&#8243;][vc_empty_space height=&#8221;&#8221; hide_on_mobile=&#8221;&#8221;][vc_empty_space height=&#8221;0.3rem&#8221; alter_height=&#8221;none&#8221; hide_on_mobile=&#8221;&#8221;][vc_empty_space height=&#8221;&#8221; alter_height=&#8221;small&#8221; hide_on_mobile=&#8221;&#8221;][vc_column_text]\u0130leri \u00dcretim Teknikleri ve Gelece\u011fe Yat\u0131r\u0131m Giri\u015f kalite kontrol\u00fcnden, \u00e7\u0131k\u0131\u015f kalite kontrol\u00fc ve saha kurulum a\u015famalar\u0131na kadar Derce g\u00fcvencesi alt\u0131ndas\u0131n\u0131z. En \u00f6nemli \u00f6zelliklerimizden biri \u00fcst d\u00fczeyde geriye d\u00f6n\u00fck izlenebilirlik, s\u00fcrekli analiz ve geli\u015fmeye a\u00e7\u0131k alt yap\u0131m\u0131zd\u0131r. Dijital sanayi devriminin e\u015fi\u011finde&hellip;<\/p>\n","protected":false},"author":1,"featured_media":0,"parent":0,"menu_order":0,"comment_status":"closed","ping_status":"closed","template":"","meta":[],"_links":{"self":[{"href":"https:\/\/derceplas.com.tr\/index.php?rest_route=\/wp\/v2\/pages\/1472"}],"collection":[{"href":"https:\/\/derceplas.com.tr\/index.php?rest_route=\/wp\/v2\/pages"}],"about":[{"href":"https:\/\/derceplas.com.tr\/index.php?rest_route=\/wp\/v2\/types\/page"}],"author":[{"embeddable":true,"href":"https:\/\/derceplas.com.tr\/index.php?rest_route=\/wp\/v2\/users\/1"}],"replies":[{"embeddable":true,"href":"https:\/\/derceplas.com.tr\/index.php?rest_route=%2Fwp%2Fv2%2Fcomments&post=1472"}],"version-history":[{"count":5,"href":"https:\/\/derceplas.com.tr\/index.php?rest_route=\/wp\/v2\/pages\/1472\/revisions"}],"predecessor-version":[{"id":1740,"href":"https:\/\/derceplas.com.tr\/index.php?rest_route=\/wp\/v2\/pages\/1472\/revisions\/1740"}],"wp:attachment":[{"href":"https:\/\/derceplas.com.tr\/index.php?rest_route=%2Fwp%2Fv2%2Fmedia&parent=1472"}],"curies":[{"name":"wp","href":"https:\/\/api.w.org\/{rel}","templated":true}]}}